{"id":297,"date":"2022-02-28T13:22:32","date_gmt":"2022-02-28T12:22:32","guid":{"rendered":"https:\/\/clean-services.fr\/?page_id=297"},"modified":"2022-03-04T09:33:25","modified_gmt":"2022-03-04T08:33:25","slug":"nos-prestations-de-menage-a-domicile","status":"publish","type":"page","link":"https:\/\/clean-services.fr\/?page_id=297","title":{"rendered":"Nos prestations de m\u00e9nage \u00e0 domicile"},"content":{"rendered":"\t\t<div data-elementor-type=\"wp-page\" data-elementor-id=\"297\" class=\"elementor elementor-297\" data-elementor-settings=\"[]\">\n\t\t\t\t\t\t<div class=\"elementor-inner\">\n\t\t\t\t\t\t\t<div class=\"elementor-section-wrap\">\n\t\t\t\t\t\t\t<section class=\"elementor-section elementor-top-section elementor-element elementor-element-bbcb701 elementor-section-full_width elementor-section-height-default elementor-section-height-default\" data-id=\"bbcb701\" data-element_type=\"section\">\n\t\t\t\t\t\t<div class=\"elementor-container elementor-column-gap-no\">\n\t\t\t\t\t\t\t<div class=\"elementor-row\">\n\t\t\t\t\t<div class=\"aux-parallax-section elementor-column elementor-col-100 elementor-top-column elementor-element elementor-element-58d94ac\" data-id=\"58d94ac\" data-element_type=\"column\">\n\t\t\t<div class=\"elementor-column-wrap elementor-element-populated\">\n\t\t\t\t\t\t\t<div class=\"elementor-widget-wrap\">\n\t\t\t\t\t\t<div class=\"aux-scroll-anim elementor-element elementor-element-ee61dc1 aux-shpe-type-rectangle elementor-widget__width-auto elementor-widget elementor-widget-aux_simple_shape\" data-move-in=\"\" data-move-out=\"rotateOut\" data-axis-x=\"200\" data-axis-y=\"200\" data-rotate=\"10\" data-scale=\"1\" data-vp-top=\"0.5\" data-vp-bot=\"0.5\" data-el-top=\"0.8\" data-scroll-animation-off=\"1024\" data-id=\"ee61dc1\" data-element_type=\"widget\" data-widget_type=\"aux_simple_shape.default\">\n\t\t\t\t<div class=\"elementor-widget-container\">\n\t\t\t    <div class=\"aux-widget-container aux-simple-shape-container\">\n        <div class=\"aux-widget-container-inner\">\n            <div class=\"aux-the-shape\"><\/div>\n        <\/div>\n    <\/div>\n    \t\t<\/div>\n\t\t\t\t<\/div>\n\t\t\t\t\t\t<\/div>\n\t\t\t\t\t<\/div>\n\t\t<\/div>\n\t\t\t\t\t\t\t\t<\/div>\n\t\t\t\t\t<\/div>\n\t\t<\/section>\n\t\t\t\t<section class=\"elementor-section elementor-top-section elementor-element elementor-element-4105ea6 elementor-section-content-middle elementor-reverse-mobile elementor-section-boxed elementor-section-height-default elementor-section-height-default\" data-id=\"4105ea6\" data-element_type=\"section\">\n\t\t\t\t\t\t<div class=\"elementor-container elementor-column-gap-no\">\n\t\t\t\t\t\t\t<div class=\"elementor-row\">\n\t\t\t\t\t<div class=\"aux-parallax-section elementor-column elementor-col-50 elementor-top-column elementor-element elementor-element-c096d05\" data-id=\"c096d05\" data-element_type=\"column\">\n\t\t\t<div class=\"elementor-column-wrap elementor-element-populated\">\n\t\t\t\t\t\t\t<div class=\"elementor-widget-wrap\">\n\t\t\t\t\t\t<div class=\"aux-scroll-anim elementor-element elementor-element-3439308 elementor-widget__width-auto elementor-widget elementor-widget-aux_simple_svg\" data-move-in=\"rotateIn\" data-move-out=\"rotateIn\" data-axis-x=\"200\" data-axis-y=\"200\" data-rotate=\"90\" data-scale=\"1\" data-vp-top=\"0.5\" data-vp-bot=\"0.5\" data-el-top=\"0.2\" data-scroll-animation-off=\"1024\" data-id=\"3439308\" data-element_type=\"widget\" data-widget_type=\"aux_simple_svg.default\">\n\t\t\t\t<div class=\"elementor-widget-container\">\n\t\t\t    <div class=\"aux-widget-container aux-simple-svg-container\">\n        <div class=\"aux-widget-container-inner\">\n            <div class=\"aux-the-svg\"><svg xmlns=\"http:\/\/www.w3.org\/2000\/svg\" width=\"26.143\" height=\"26.148\" viewBox=\"0 0 26.143 26.148\">\r\n  <g id=\"Group_25\" data-name=\"Group 25\" transform=\"translate(27.456 24.314) rotate(173)\">\r\n    <g id=\"Group_15\" data-name=\"Group 15\" transform=\"translate(10.773)\">\r\n      <path id=\"Path_15\" data-name=\"Path 15\" d=\"M375.781,273.938a2.141,2.141,0,0,1-2.14-2.14v-21.54a2.14,2.14,0,0,1,4.28,0V271.8A2.141,2.141,0,0,1,375.781,273.938Z\" transform=\"translate(-373.641 -248.119)\" fill=\"var(--e-global-color-664e3ab)\"\/>\r\n    <\/g>\r\n    <g id=\"Group_16\" data-name=\"Group 16\" transform=\"translate(0 10.773)\">\r\n      <path id=\"Path_16\" data-name=\"Path 16\" d=\"M395.427,254.286H373.893a2.14,2.14,0,0,1,0-4.279h21.534a2.14,2.14,0,0,1,0,4.279Z\" transform=\"translate(-371.753 -250.007)\" fill=\"var(--e-global-color-664e3ab)\"\/>\r\n    <\/g>\r\n  <\/g>\r\n<\/svg>\r\n<\/div>\n        <\/div>\n    <\/div>\n    \t\t<\/div>\n\t\t\t\t<\/div>\n\t\t\t\t<div class=\"elementor-element elementor-element-8a7c8de elementor-widget__width-auto elementor-widget elementor-widget-aux_simple_svg\" data-id=\"8a7c8de\" data-element_type=\"widget\" data-widget_type=\"aux_simple_svg.default\">\n\t\t\t\t<div class=\"elementor-widget-container\">\n\t\t\t    <div class=\"aux-widget-container aux-simple-svg-container\">\n        <div class=\"aux-widget-container-inner\">\n            <div class=\"aux-the-svg\"><svg xmlns=\"http:\/\/www.w3.org\/2000\/svg\" width=\"12.998\" height=\"13.001\" viewBox=\"0 0 12.998 13.001\">\r\n  <g id=\"Group_24\" data-name=\"Group 24\" transform=\"translate(13.651 12.089) rotate(173)\">\r\n    <g id=\"Group_15\" data-name=\"Group 15\" transform=\"translate(5.356)\">\r\n      <path id=\"Path_15\" data-name=\"Path 15\" d=\"M374.7,260.956a1.064,1.064,0,0,1-1.064-1.064V249.183a1.064,1.064,0,0,1,2.128,0v10.709A1.064,1.064,0,0,1,374.7,260.956Z\" transform=\"translate(-373.641 -248.119)\" fill=\"#ffd834\"\/>\r\n    <\/g>\r\n    <g id=\"Group_16\" data-name=\"Group 16\" transform=\"translate(0 5.356)\">\r\n      <path id=\"Path_16\" data-name=\"Path 16\" d=\"M383.523,252.135H372.817a1.064,1.064,0,0,1,0-2.128h10.707a1.064,1.064,0,0,1,0,2.128Z\" transform=\"translate(-371.753 -250.007)\" fill=\"#ffd834\"\/>\r\n    <\/g>\r\n  <\/g>\r\n<\/svg>\r\n<\/div>\n        <\/div>\n    <\/div>\n    \t\t<\/div>\n\t\t\t\t<\/div>\n\t\t\t\t<div class=\"elementor-element elementor-element-df1816c elementor-widget__width-auto elementor-widget elementor-widget-aux_simple_svg\" data-id=\"df1816c\" data-element_type=\"widget\" data-widget_type=\"aux_simple_svg.default\">\n\t\t\t\t<div class=\"elementor-widget-container\">\n\t\t\t    <div class=\"aux-widget-container aux-simple-svg-container\">\n        <div class=\"aux-widget-container-inner\">\n            <div class=\"aux-the-svg\"><svg xmlns=\"http:\/\/www.w3.org\/2000\/svg\" width=\"36\" height=\"36\" viewBox=\"0 0 36 36\">\r\n  <g id=\"Ellipse_5\" data-name=\"Ellipse 5\" fill=\"rgba(255,255,255,0)\" stroke=\"#00d746\" stroke-width=\"1\">\r\n    <circle cx=\"18\" cy=\"18\" r=\"18\" stroke=\"none\"\/>\r\n    <circle cx=\"18\" cy=\"18\" r=\"17.5\" fill=\"none\"\/>\r\n  <\/g>\r\n<\/svg>\r\n<\/div>\n        <\/div>\n    <\/div>\n    \t\t<\/div>\n\t\t\t\t<\/div>\n\t\t\t\t<div class=\"elementor-element elementor-element-3cb83a6 aux-appear-watch-animation aux-fade-in-up elementor-widget elementor-widget-aux_modern_heading\" data-id=\"3cb83a6\" data-element_type=\"widget\" data-widget_type=\"aux_modern_heading.default\">\n\t\t\t\t<div class=\"elementor-widget-container\">\n\t\t\t<section class=\"aux-widget-modern-heading\">\n            <div class=\"aux-widget-inner\"><h3 class=\"aux-modern-heading-primary\"><\/h3><h4 class=\"aux-modern-heading-secondary\"><span class=\"aux-head-before\">Nos prestations de m\u00e9nage \u00e0 domicile<\/span><\/h4><div class=\"aux-modern-heading-description\"><p>Notre \u00e9quipe de professionnels du m\u00e9nage \u00e0 domicile \u00e0 Grenoble intervient efficacement et discr\u00e8tement. Clean Services vous propose de r\u00e9aliser le m\u00e9nage complet de votre maison, appartement, copropri\u00e9t\u00e9 en assurant le nettoyage de toutes vos surfaces int\u00e9rieures et ext\u00e9rieures :<\/p><p><strong>&gt; Nettoyage des sols, vitres et autres surfaces<\/strong><\/p><p><strong>&gt; D\u00e9poussi\u00e9rage et nettoyage complet : assainissement et d\u00e9sinfection<\/strong><\/p><p><strong>&gt; Nettoyage apr\u00e8s d\u00e9m\u00e9nagement<\/strong><\/p><p><strong>&gt; D\u00e9barrassage apr\u00e8s travaux<\/strong><\/p><p>Notre \u00e9quipe de professionnels \u00e9quip\u00e9s intervient dans les plus brefs d\u00e9lais pour vous assurer une prestation de m\u00e9nage \u00e0 domicile sur-mesure et adapt\u00e9e \u00e0 vos besoins.<\/p><\/div><\/div>\n        <\/section>\t\t<\/div>\n\t\t\t\t<\/div>\n\t\t\t\t<div class=\"elementor-element elementor-element-cac8098 aux-appear-watch-animation aux-fade-in-up elementor-widget elementor-widget-text-editor\" data-id=\"cac8098\" data-element_type=\"widget\" data-widget_type=\"text-editor.default\">\n\t\t\t\t<div class=\"elementor-widget-container\">\n\t\t\t\t\t\t\t\t<div class=\"elementor-text-editor elementor-clearfix\">\n\t\t\t\t<p>Pour prendre rendez-vous, <a href=\"https:\/\/clean-services.fr\/?page_id=77\">contactez-nous<\/a>.<\/p>\t\t\t\t\t<\/div>\n\t\t\t\t\t\t<\/div>\n\t\t\t\t<\/div>\n\t\t\t\t\t\t<\/div>\n\t\t\t\t\t<\/div>\n\t\t<\/div>\n\t\t\t\t<div class=\"aux-parallax-section elementor-column elementor-col-50 elementor-top-column elementor-element elementor-element-87627c0\" data-id=\"87627c0\" data-element_type=\"column\">\n\t\t\t<div class=\"elementor-column-wrap elementor-element-populated\">\n\t\t\t\t\t\t\t<div class=\"elementor-widget-wrap\">\n\t\t\t\t\t\t<div class=\"elementor-element elementor-element-5004f52 aux-appear-watch-animation aux-scale-down elementor-widget elementor-widget-aux_image\" data-id=\"5004f52\" data-element_type=\"widget\" data-widget_type=\"aux_image.default\">\n\t\t\t\t<div class=\"elementor-widget-container\">\n\t\t\t<section class=\"widget-container aux-widget-image aux-alignnone aux-parent-au3e12b9d1\" style=\"\" >\n    <div class=\"aux-media-hint-frame \">\n        <div class=\"aux-media-image \" >\n        \n            \n\n            \n            <img loading=\"lazy\" width=\"813\" height=\"676\" src=\"data:image\/gif;base64,R0lGODlhAQABAIAAAAAAAP\/\/\/yH5BAEAAAAALAAAAAABAAEAAAIBRAA7\" class=\"aux-attachment aux-featured-image aux-attachment-id-250 aux-preload aux-blank\" alt=\"images_pages_interieures\" data-ratio=\"1.2\" data-original-w=\"1024\" sizes=\"auto\" data-srcset=\"https:\/\/clean-services.fr\/wp-content\/uploads\/2022\/02\/images_pages_interieures-150x125.jpg 150w,https:\/\/clean-services.fr\/wp-content\/uploads\/2022\/02\/images_pages_interieures-300x249.jpg 300w,https:\/\/clean-services.fr\/wp-content\/uploads\/2022\/02\/images_pages_interieures-768x639.jpg 768w,https:\/\/clean-services.fr\/wp-content\/uploads\/2022\/02\/images_pages_interieures.jpg 813w\" data-src=\"https:\/\/clean-services.fr\/wp-content\/uploads\/2022\/02\/images_pages_interieures.jpg\" \/>            \n                <\/div>\n    <\/div>\n\n<\/section><!-- widget-container -->\t\t<\/div>\n\t\t\t\t<\/div>\n\t\t\t\t\t\t<\/div>\n\t\t\t\t\t<\/div>\n\t\t<\/div>\n\t\t\t\t\t\t\t\t<\/div>\n\t\t\t\t\t<\/div>\n\t\t<\/section>\n\t\t\t\t\t\t<\/div>\n\t\t\t\t\t\t<\/div>\n\t\t\t\t\t<\/div>\n\t\t","protected":false},"excerpt":{"rendered":"<p>Nos prestations de m\u00e9nage \u00e0 domicile Notre \u00e9quipe de professionnels du m\u00e9nage \u00e0 domicile \u00e0 Grenoble intervient efficacement et discr\u00e8tement. Clean Services vous propose de r\u00e9aliser le m\u00e9nage complet de votre maison, appartement, copropri\u00e9t\u00e9 en assurant le nettoyage de toutes vos surfaces int\u00e9rieures et ext\u00e9rieures : &gt; Nettoyage des sols, vitres et autres surfaces &gt; [&hellip;]<\/p>\n","protected":false},"author":1,"featured_media":0,"parent":0,"menu_order":0,"comment_status":"closed","ping_status":"closed","template":"templates\/page-builder-content.php","meta":{"inline_featured_image":false},"_links":{"self":[{"href":"https:\/\/clean-services.fr\/index.php?rest_route=\/wp\/v2\/pages\/297"}],"collection":[{"href":"https:\/\/clean-services.fr\/index.php?rest_route=\/wp\/v2\/pages"}],"about":[{"href":"https:\/\/clean-services.fr\/index.php?rest_route=\/wp\/v2\/types\/page"}],"author":[{"embeddable":true,"href":"https:\/\/clean-services.fr\/index.php?rest_route=\/wp\/v2\/users\/1"}],"replies":[{"embeddable":true,"href":"https:\/\/clean-services.fr\/index.php?rest_route=%2Fwp%2Fv2%2Fcomments&post=297"}],"version-history":[{"count":7,"href":"https:\/\/clean-services.fr\/index.php?rest_route=\/wp\/v2\/pages\/297\/revisions"}],"predecessor-version":[{"id":384,"href":"https:\/\/clean-services.fr\/index.php?rest_route=\/wp\/v2\/pages\/297\/revisions\/384"}],"wp:attachment":[{"href":"https:\/\/clean-services.fr\/index.php?rest_route=%2Fwp%2Fv2%2Fmedia&parent=297"}],"curies":[{"name":"wp","href":"https:\/\/api.w.org\/{rel}","templated":true}]}}